{"id":820,"date":"2020-12-05T13:51:33","date_gmt":"2020-12-05T13:51:33","guid":{"rendered":"http:\/\/www.homjolk.se\/?page_id=820"},"modified":"2025-07-04T07:54:11","modified_gmt":"2025-07-04T07:54:11","slug":"mejeri","status":"publish","type":"page","link":"https:\/\/homjolk.se\/?page_id=820","title":{"rendered":"Mejeri"},"content":{"rendered":"\n<figure class=\"wp-block-image size-large is-resized\"><img loading=\"lazy\" decoding=\"async\" width=\"768\" height=\"1024\" src=\"http:\/\/www.homjolk.se\/wp-content\/uploads\/2020\/12\/IMG-1616-1-768x1024.jpg\" alt=\"\" class=\"wp-image-823\" style=\"width:384px;height:512px\" srcset=\"https:\/\/homjolk.se\/wp-content\/uploads\/2020\/12\/IMG-1616-1-768x1024.jpg 768w, https:\/\/homjolk.se\/wp-content\/uploads\/2020\/12\/IMG-1616-1-225x300.jpg 225w, https:\/\/homjolk.se\/wp-content\/uploads\/2020\/12\/IMG-1616-1-1152x1536.jpg 1152w, https:\/\/homjolk.se\/wp-content\/uploads\/2020\/12\/IMG-1616-1-1536x2048.jpg 1536w, https:\/\/homjolk.se\/wp-content\/uploads\/2020\/12\/IMG-1616-1-595x793.jpg 595w, https:\/\/homjolk.se\/wp-content\/uploads\/2020\/12\/IMG-1616-1-scaled.jpg 1920w\" sizes=\"auto, (max-width: 768px) 100vw, 768px\" \/><figcaption class=\"wp-element-caption\">Job &amp; Cecile<\/figcaption><\/figure>\n\n\n\n<p>N\u00e4r J\u00e4rna Mejeri lade ner verksamheten i b\u00f6rjan av 2020 och vi inte direkt kunde leverera till Arla s\u00e5 best\u00e4mde vi oss f\u00f6r att starta mejeri h\u00e4r p\u00e5 g\u00e5rden. Eftersom h\u00f6mj\u00f6lk l\u00e4mpar sig s\u00e4rskild bra f\u00f6r osttillverkning p\u00e5 grund av smak och renhet fr\u00e5n skadliga sporer f\u00f6ll valet sig naturligt att b\u00f6rja tillverka ost. Vi inredde lokaler h\u00e4r p\u00e5 g\u00e5rden, k\u00f6pte in utrustning, gjorde i ordning lager, packrum och en liten g\u00e5rdsbutik. Inspiration och en del kunskap och utrustning h\u00e4mtade vi fr\u00e5n alpl\u00e4nderna d\u00e4r ju h\u00f6mj\u00f6lk har en l\u00e5ng tradition. Vi \u00e4r r\u00e4tt stolta att nu kunna s\u00e4lja tv\u00e5 olika sorter ost som \u00e4r utvecklade h\u00e4r p\u00e5 Ullberga och som har f\u00e5tt en speciell, lokal smak.<\/p>\n\n\n\n<figure class=\"wp-block-image size-large is-resized is-style-default\"><img loading=\"lazy\" decoding=\"async\" width=\"768\" height=\"1024\" src=\"http:\/\/www.homjolk.se\/wp-content\/uploads\/2020\/12\/IMG-7487-768x1024.jpg\" alt=\"\" class=\"wp-image-821\" style=\"width:384px;height:512px\" srcset=\"https:\/\/homjolk.se\/wp-content\/uploads\/2020\/12\/IMG-7487-768x1024.jpg 768w, https:\/\/homjolk.se\/wp-content\/uploads\/2020\/12\/IMG-7487-225x300.jpg 225w, https:\/\/homjolk.se\/wp-content\/uploads\/2020\/12\/IMG-7487-1152x1536.jpg 1152w, https:\/\/homjolk.se\/wp-content\/uploads\/2020\/12\/IMG-7487-1536x2048.jpg 1536w, https:\/\/homjolk.se\/wp-content\/uploads\/2020\/12\/IMG-7487-595x793.jpg 595w, https:\/\/homjolk.se\/wp-content\/uploads\/2020\/12\/IMG-7487-scaled.jpg 1920w\" sizes=\"auto, (max-width: 768px) 100vw, 768px\" \/><figcaption class=\"wp-element-caption\">Mejeri<\/figcaption><\/figure>\n\n\n\n<p><strong>G\u00e5rdsost<\/strong><\/p>\n\n\n\n<p><\/p>\n\n\n\n<p>\u00e4r en grynpipig halvh\u00e5rd ost. Smaken \u00e4r mild sm\u00f6raktig, syrlig fruktig med viss kryddighet. Med stigande \u00e5lder ger den \u00e4tbara kittytan en starkare smak. F\u00e4rgen \u00e4r gul till r\u00f6dbrun.<\/p>\n\n\n\n<figure class=\"wp-block-image size-large is-resized\"><img loading=\"lazy\" decoding=\"async\" width=\"768\" height=\"1024\" src=\"http:\/\/www.homjolk.se\/wp-content\/uploads\/2020\/12\/IMG-1609-1-768x1024.jpg\" alt=\"\" class=\"wp-image-822\" style=\"width:384px;height:512px\" srcset=\"https:\/\/homjolk.se\/wp-content\/uploads\/2020\/12\/IMG-1609-1-768x1024.jpg 768w, https:\/\/homjolk.se\/wp-content\/uploads\/2020\/12\/IMG-1609-1-225x300.jpg 225w, https:\/\/homjolk.se\/wp-content\/uploads\/2020\/12\/IMG-1609-1-1152x1536.jpg 1152w, https:\/\/homjolk.se\/wp-content\/uploads\/2020\/12\/IMG-1609-1-1536x2048.jpg 1536w, https:\/\/homjolk.se\/wp-content\/uploads\/2020\/12\/IMG-1609-1-595x793.jpg 595w, https:\/\/homjolk.se\/wp-content\/uploads\/2020\/12\/IMG-1609-1-scaled.jpg 1920w\" sizes=\"auto, (max-width: 768px) 100vw, 768px\" \/><\/figure>\n\n\n\n<p><strong>Hammarost<\/strong><\/p>\n\n\n\n<p>\u00e4r en h\u00e5rd ost som inspirerats av de ostarna som traditionsenligt g\u00f6rs p\u00e5 h\u00f6mj\u00f6lk i alpl\u00e4nderna.<\/p>\n\n\n\n<p>Ullberga Hammar \u00e4r en h\u00f6jd best\u00e5ende av berg och gles skog som \u00e4r det h\u00f6gsta st\u00e4llet h\u00e4r p\u00e5 g\u00e5rden med vid utsikt \u00f6ver hagarna, \u00e5krarna och sj\u00f6n L\u00e5nghalsen.<\/p>\n\n\n\n<p>Djurens utfodring och den s\u00e4rskilda tillverkningsmetoden ger osten dess karakt\u00e4r.<\/p>\n\n\n\n<p>Den har rena smaker av karamelliserad sm\u00f6r, hasseln\u00f6t och blommor med en fin eftersmak och en l\u00e4tt salt underton. Ytan \u00e4r gul till gr\u00e5brun.<\/p>\n\n\n\n<p><strong>Bj\u00e4ra<\/strong><\/p>\n\n\n\n<p>\u00e4r en mjuk dessertost av M\u00fcnster-typen. Den har en orange-gul kittyta och en mjuk och kr\u00e4mig insida.<\/p>\n\n\n\n<p><strong>G\u00e5rdsbutik<\/strong><\/p>\n\n\n\n<p>I anslutning till mejeriet och ladug\u00e5rden har vi en liten g\u00e5rdsbutik d\u00e4r vi s\u00e4ljer v\u00e5ra ostar, \u00e4gg, k\u00f6tt, \u00e4ppelmust och i s\u00e4song lite gr\u00f6nsaker.<\/p>\n\n\n\n<p>\u00d6ppettider: 7 \u2013 19 alla dagar.<\/p>\n\n\n\n<p><\/p>\n","protected":false},"excerpt":{"rendered":"<p>N\u00e4r J\u00e4rna Mejeri lade ner verksamheten i b\u00f6rjan av 2020 och vi inte direkt kunde leverera till Arla s\u00e5 best\u00e4mde vi oss f\u00f6r att starta mejeri h\u00e4r p\u00e5 g\u00e5rden. Eftersom h\u00f6mj\u00f6lk l\u00e4mpar sig s\u00e4rskild bra f\u00f6r osttillverkning p\u00e5 grund av smak och renhet fr\u00e5n skadliga sporer f\u00f6ll valet sig naturligt att b\u00f6rja tillverka ost. Vi [&hellip;]<\/p>\n","protected":false},"author":2,"featured_media":823,"parent":0,"menu_order":0,"comment_status":"closed","ping_status":"closed","template":"","meta":{"footnotes":""},"class_list":["post-820","page","type-page","status-publish","has-post-thumbnail","hentry"],"_links":{"self":[{"href":"https:\/\/homjolk.se\/index.php?rest_route=\/wp\/v2\/pages\/820","targetHints":{"allow":["GET"]}}],"collection":[{"href":"https:\/\/homjolk.se\/index.php?rest_route=\/wp\/v2\/pages"}],"about":[{"href":"https:\/\/homjolk.se\/index.php?rest_route=\/wp\/v2\/types\/page"}],"author":[{"embeddable":true,"href":"https:\/\/homjolk.se\/index.php?rest_route=\/wp\/v2\/users\/2"}],"replies":[{"embeddable":true,"href":"https:\/\/homjolk.se\/index.php?rest_route=%2Fwp%2Fv2%2Fcomments&post=820"}],"version-history":[{"count":5,"href":"https:\/\/homjolk.se\/index.php?rest_route=\/wp\/v2\/pages\/820\/revisions"}],"predecessor-version":[{"id":905,"href":"https:\/\/homjolk.se\/index.php?rest_route=\/wp\/v2\/pages\/820\/revisions\/905"}],"wp:featuredmedia":[{"embeddable":true,"href":"https:\/\/homjolk.se\/index.php?rest_route=\/wp\/v2\/media\/823"}],"wp:attachment":[{"href":"https:\/\/homjolk.se\/index.php?rest_route=%2Fwp%2Fv2%2Fmedia&parent=820"}],"curies":[{"name":"wp","href":"https:\/\/api.w.org\/{rel}","templated":true}]}}