{"id":619,"date":"2013-08-02T11:57:06","date_gmt":"2013-08-02T11:57:06","guid":{"rendered":"http:\/\/www.homjolk.org\/?page_id=619"},"modified":"2025-06-25T18:42:27","modified_gmt":"2025-06-25T18:42:27","slug":"home","status":"publish","type":"page","link":"https:\/\/homjolk.se\/","title":{"rendered":"Startsida"},"content":{"rendered":"<p><span style=\"font-family: 'Bree Serif', sans-serif;\">Ullberga \u00e4r en S\u00f6rml\u00e4ndsk g\u00e5rd som ligger en mil nord-v\u00e4st om Nyk\u00f6ping vid sj\u00f6n L\u00e5nghalsen. Korna ger mj\u00f6lk och k\u00f6tt, vi odlar br\u00f6ds\u00e4d och har \u00e4ven h\u00f6ns och n\u00e5gra f\u00e5r.<\/span><\/p>\n<p><span style=\"font-family: 'Bree Serif', sans-serif;\">Vi driver g\u00e5rden enligt ekologiska och biodynamiska principer och \u00e4r d\u00e4rf\u00f6r certifierade enligt Krav- och Demeterreglarna.<\/span><\/p>\n<p><span style=\"font-family: 'Bree Serif', sans-serif;\">Vi str\u00e4var efter att h\u00e5lla djuren p\u00e5 ett \u201dart-enligt\u201d s\u00e4tt och behandla och fodra dem d\u00e4refter. F\u00f6r kornas del betyder det t.ex. att de f\u00e5r beh\u00e5lla sina horn, de utfodras enbart med bete och h\u00f6 och kalvarna f\u00e5r dia dem f\u00f6rsta m\u00e5naderna.<\/span><\/p>\n<p><span style=\"font-family: 'Bree Serif', sans-serif;\">&nbsp;<\/span><\/p>\n","protected":false},"excerpt":{"rendered":"<p>Ullberga \u00e4r en S\u00f6rml\u00e4ndsk g\u00e5rd som ligger en mil nord-v\u00e4st om Nyk\u00f6ping vid sj\u00f6n L\u00e5nghalsen. Korna ger mj\u00f6lk och k\u00f6tt, vi odlar br\u00f6ds\u00e4d och har \u00e4ven h\u00f6ns och n\u00e5gra f\u00e5r. Vi driver g\u00e5rden enligt ekologiska och biodynamiska principer och \u00e4r d\u00e4rf\u00f6r certifierade enligt Krav- och Demeterreglarna. Vi str\u00e4var efter att h\u00e5lla djuren p\u00e5 ett \u201dart-enligt\u201d [&hellip;]<\/p>\n","protected":false},"author":1,"featured_media":731,"parent":0,"menu_order":0,"comment_status":"closed","ping_status":"closed","template":"","meta":{"footnotes":""},"class_list":["post-619","page","type-page","status-publish","has-post-thumbnail","hentry"],"_links":{"self":[{"href":"https:\/\/homjolk.se\/index.php?rest_route=\/wp\/v2\/pages\/619","targetHints":{"allow":["GET"]}}],"collection":[{"href":"https:\/\/homjolk.se\/index.php?rest_route=\/wp\/v2\/pages"}],"about":[{"href":"https:\/\/homjolk.se\/index.php?rest_route=\/wp\/v2\/types\/page"}],"author":[{"embeddable":true,"href":"https:\/\/homjolk.se\/index.php?rest_route=\/wp\/v2\/users\/1"}],"replies":[{"embeddable":true,"href":"https:\/\/homjolk.se\/index.php?rest_route=%2Fwp%2Fv2%2Fcomments&post=619"}],"version-history":[{"count":3,"href":"https:\/\/homjolk.se\/index.php?rest_route=\/wp\/v2\/pages\/619\/revisions"}],"predecessor-version":[{"id":907,"href":"https:\/\/homjolk.se\/index.php?rest_route=\/wp\/v2\/pages\/619\/revisions\/907"}],"wp:featuredmedia":[{"embeddable":true,"href":"https:\/\/homjolk.se\/index.php?rest_route=\/wp\/v2\/media\/731"}],"wp:attachment":[{"href":"https:\/\/homjolk.se\/index.php?rest_route=%2Fwp%2Fv2%2Fmedia&parent=619"}],"curies":[{"name":"wp","href":"https:\/\/api.w.org\/{rel}","templated":true}]}}